{"id":173,"date":"2016-12-06T16:13:52","date_gmt":"2016-12-06T14:13:52","guid":{"rendered":"http:\/\/www.vibe-store.com\/cz\/?page_id=173"},"modified":"2017-03-01T09:19:05","modified_gmt":"2017-03-01T08:19:05","slug":"muj-ucet","status":"publish","type":"page","link":"https:\/\/www.vibe-store.com\/cz\/muj-ucet\/","title":{"rendered":"M\u016fj \u00fa\u010det"},"content":{"rendered":"<div class=\"woocommerce\"><\/div>\n","protected":false},"excerpt":{"rendered":"","protected":false},"author":1,"featured_media":0,"parent":0,"menu_order":0,"comment_status":"closed","ping_status":"closed","template":"","meta":{"footnotes":""},"class_list":["post-173","page","type-page","status-publish","hentry"],"yoast_head":"<!-- This site is optimized with the Yoast SEO plugin v26.3 - https:\/\/yoast.com\/wordpress\/plugins\/seo\/ -->\n<title>Streetwear lok\u00e1ln\u00ed zna\u010dka oble\u010den\u00ed VIBE<\/title>\n<meta name=\"description\" content=\"Streetwear oble\u010den\u00ed vyr\u00e1b\u011bno v limitovan\u00e9m po\u010dtu na Slovensku a v \u010cesk\u00e9 republice. Na\u0161e origin\u00e1ln\u00ed mikiny, tepl\u00e1ky \u010di tri\u010dka daj\u00ed tv\u00e9mu stylu nov\u00fd VIBE.\" \/>\n<meta name=\"robots\" content=\"noindex, follow, max-snippet:-1, max-image-preview:large, max-video-preview:-1\" \/>\n<meta property=\"og:locale\" content=\"cs_CZ\" \/>\n<meta property=\"og:type\" content=\"article\" \/>\n<meta property=\"og:title\" content=\"Streetwear lok\u00e1ln\u00ed zna\u010dka oble\u010den\u00ed VIBE\" \/>\n<meta property=\"og:description\" content=\"Streetwear oble\u010den\u00ed vyr\u00e1b\u011bno v limitovan\u00e9m po\u010dtu na Slovensku a v \u010cesk\u00e9 republice. Na\u0161e origin\u00e1ln\u00ed mikiny, tepl\u00e1ky \u010di tri\u010dka daj\u00ed tv\u00e9mu stylu nov\u00fd VIBE.\" \/>\n<meta property=\"og:url\" content=\"https:\/\/www.vibe-store.com\/cz\/muj-ucet\/\" \/>\n<meta property=\"og:site_name\" content=\"VIBE\" \/>\n<meta property=\"article:modified_time\" content=\"2017-03-01T08:19:05+00:00\" \/>\n<meta name=\"twitter:card\" content=\"summary_large_image\" \/>\n<script type=\"application\/ld+json\" class=\"yoast-schema-graph\">{\"@context\":\"https:\/\/schema.org\",\"@graph\":[{\"@type\":\"WebPage\",\"@id\":\"https:\/\/www.vibe-store.com\/cz\/muj-ucet\/\",\"url\":\"https:\/\/www.vibe-store.com\/cz\/muj-ucet\/\",\"name\":\"Streetwear lok\u00e1ln\u00ed zna\u010dka oble\u010den\u00ed VIBE\",\"isPartOf\":{\"@id\":\"https:\/\/www.vibe-store.com\/cz\/#website\"},\"datePublished\":\"2016-12-06T14:13:52+00:00\",\"dateModified\":\"2017-03-01T08:19:05+00:00\",\"description\":\"Streetwear oble\u010den\u00ed vyr\u00e1b\u011bno v limitovan\u00e9m po\u010dtu na Slovensku a v \u010cesk\u00e9 republice. Na\u0161e origin\u00e1ln\u00ed mikiny, tepl\u00e1ky \u010di tri\u010dka daj\u00ed tv\u00e9mu stylu nov\u00fd VIBE.\",\"breadcrumb\":{\"@id\":\"https:\/\/www.vibe-store.com\/cz\/muj-ucet\/#breadcrumb\"},\"inLanguage\":\"cs\",\"potentialAction\":[{\"@type\":\"ReadAction\",\"target\":[\"https:\/\/www.vibe-store.com\/cz\/muj-ucet\/\"]}]},{\"@type\":\"BreadcrumbList\",\"@id\":\"https:\/\/www.vibe-store.com\/cz\/muj-ucet\/#breadcrumb\",\"itemListElement\":[{\"@type\":\"ListItem\",\"position\":1,\"name\":\"Domovsk\u00e1 str\u00e1nka\",\"item\":\"https:\/\/www.vibe-store.com\/cz\/\"},{\"@type\":\"ListItem\",\"position\":2,\"name\":\"M\u016fj \u00fa\u010det\"}]},{\"@type\":\"WebSite\",\"@id\":\"https:\/\/www.vibe-store.com\/cz\/#website\",\"url\":\"https:\/\/www.vibe-store.com\/cz\/\",\"name\":\"VIBE\",\"description\":\"Streetwear Local Store\",\"potentialAction\":[{\"@type\":\"SearchAction\",\"target\":{\"@type\":\"EntryPoint\",\"urlTemplate\":\"https:\/\/www.vibe-store.com\/cz\/?s={search_term_string}\"},\"query-input\":{\"@type\":\"PropertyValueSpecification\",\"valueRequired\":true,\"valueName\":\"search_term_string\"}}],\"inLanguage\":\"cs\"}]}<\/script>\n<!-- \/ Yoast SEO plugin. -->","yoast_head_json":{"title":"Streetwear lok\u00e1ln\u00ed zna\u010dka oble\u010den\u00ed VIBE","description":"Streetwear oble\u010den\u00ed vyr\u00e1b\u011bno v limitovan\u00e9m po\u010dtu na Slovensku a v \u010cesk\u00e9 republice. Na\u0161e origin\u00e1ln\u00ed mikiny, tepl\u00e1ky \u010di tri\u010dka daj\u00ed tv\u00e9mu stylu nov\u00fd VIBE.","robots":{"index":"noindex","follow":"follow","max-snippet":"max-snippet:-1","max-image-preview":"max-image-preview:large","max-video-preview":"max-video-preview:-1"},"og_locale":"cs_CZ","og_type":"article","og_title":"Streetwear lok\u00e1ln\u00ed zna\u010dka oble\u010den\u00ed VIBE","og_description":"Streetwear oble\u010den\u00ed vyr\u00e1b\u011bno v limitovan\u00e9m po\u010dtu na Slovensku a v \u010cesk\u00e9 republice. Na\u0161e origin\u00e1ln\u00ed mikiny, tepl\u00e1ky \u010di tri\u010dka daj\u00ed tv\u00e9mu stylu nov\u00fd VIBE.","og_url":"https:\/\/www.vibe-store.com\/cz\/muj-ucet\/","og_site_name":"VIBE","article_modified_time":"2017-03-01T08:19:05+00:00","twitter_card":"summary_large_image","schema":{"@context":"https:\/\/schema.org","@graph":[{"@type":"WebPage","@id":"https:\/\/www.vibe-store.com\/cz\/muj-ucet\/","url":"https:\/\/www.vibe-store.com\/cz\/muj-ucet\/","name":"Streetwear lok\u00e1ln\u00ed zna\u010dka oble\u010den\u00ed VIBE","isPartOf":{"@id":"https:\/\/www.vibe-store.com\/cz\/#website"},"datePublished":"2016-12-06T14:13:52+00:00","dateModified":"2017-03-01T08:19:05+00:00","description":"Streetwear oble\u010den\u00ed vyr\u00e1b\u011bno v limitovan\u00e9m po\u010dtu na Slovensku a v \u010cesk\u00e9 republice. Na\u0161e origin\u00e1ln\u00ed mikiny, tepl\u00e1ky \u010di tri\u010dka daj\u00ed tv\u00e9mu stylu nov\u00fd VIBE.","breadcrumb":{"@id":"https:\/\/www.vibe-store.com\/cz\/muj-ucet\/#breadcrumb"},"inLanguage":"cs","potentialAction":[{"@type":"ReadAction","target":["https:\/\/www.vibe-store.com\/cz\/muj-ucet\/"]}]},{"@type":"BreadcrumbList","@id":"https:\/\/www.vibe-store.com\/cz\/muj-ucet\/#breadcrumb","itemListElement":[{"@type":"ListItem","position":1,"name":"Domovsk\u00e1 str\u00e1nka","item":"https:\/\/www.vibe-store.com\/cz\/"},{"@type":"ListItem","position":2,"name":"M\u016fj \u00fa\u010det"}]},{"@type":"WebSite","@id":"https:\/\/www.vibe-store.com\/cz\/#website","url":"https:\/\/www.vibe-store.com\/cz\/","name":"VIBE","description":"Streetwear Local Store","potentialAction":[{"@type":"SearchAction","target":{"@type":"EntryPoint","urlTemplate":"https:\/\/www.vibe-store.com\/cz\/?s={search_term_string}"},"query-input":{"@type":"PropertyValueSpecification","valueRequired":true,"valueName":"search_term_string"}}],"inLanguage":"cs"}]}},"_links":{"self":[{"href":"https:\/\/www.vibe-store.com\/cz\/wp-json\/wp\/v2\/pages\/173","targetHints":{"allow":["GET"]}}],"collection":[{"href":"https:\/\/www.vibe-store.com\/cz\/wp-json\/wp\/v2\/pages"}],"about":[{"href":"https:\/\/www.vibe-store.com\/cz\/wp-json\/wp\/v2\/types\/page"}],"author":[{"embeddable":true,"href":"https:\/\/www.vibe-store.com\/cz\/wp-json\/wp\/v2\/users\/1"}],"replies":[{"embeddable":true,"href":"https:\/\/www.vibe-store.com\/cz\/wp-json\/wp\/v2\/comments?post=173"}],"version-history":[{"count":0,"href":"https:\/\/www.vibe-store.com\/cz\/wp-json\/wp\/v2\/pages\/173\/revisions"}],"wp:attachment":[{"href":"https:\/\/www.vibe-store.com\/cz\/wp-json\/wp\/v2\/media?parent=173"}],"curies":[{"name":"wp","href":"https:\/\/api.w.org\/{rel}","templated":true}]}}